{"id":21064,"date":"2024-10-31T07:27:38","date_gmt":"2024-10-31T06:27:38","guid":{"rendered":"https:\/\/nordicfamilyoffice.no\/kontakt\/"},"modified":"2025-09-10T09:40:45","modified_gmt":"2025-09-10T07:40:45","slug":"kontakt","status":"publish","type":"page","link":"https:\/\/nordicfamilyoffice.no\/en\/kontakt\/","title":{"rendered":"Kontakt"},"content":{"rendered":"\r\n<h4>Ta kontakt med oss<\/h4>\r\n<h1>Vi kan familieselskaper<\/h1>\r\n<p>Vi gir dere verkt\u00f8y, kunnskap, r\u00e5d og st\u00f8tte for \u00e5 utvikle og bevare familieselskapet og de gode relasjonene &#8211; i dag og for kommende generasjoner.<\/p>\r\n<h3>Mette Ballari \/ Partner og R\u00e5dgiver<\/h3>\r\n<p><a href=\"tel:+47 970 54 861\">+47 970 54 861<\/a><br \/><a href=\"mailto:mette.ballari@nordicfamilyoffice.no\">mette.ballari@nordicfamilyoffice.no<\/a><\/p>\r\n<h3>Maria Jansson \/ Daglig Leder<\/h3>\r\n<p><a href=\"tel:+47 478 19 179\">+47 478 19 179<\/a><br \/><a href=\"maria.jansson@nordicfamilyoffice.no\">maria.jansson@nordicfamilyoffice.no<\/a> &#8220;*&#8221; obligatorisk felt<\/p>\r\n<form id=\"gform_1\" action=\"https:\/\/nordicfamilyoffice.no\/kontakt\/?fl_builder&amp;fl_builder_ui_iframe#gf_1\" enctype=\"multipart\/form-data\" method=\"post\" novalidate=\"\" target=\"gform_ajax_frame_1\" data-formid=\"1\"><label class=\"gfield_label gform-field-label\" for=\"input_1_6\">Fullt navn*<\/label><input id=\"input_1_6\" class=\"large\" tabindex=\"100\" name=\"input_6\" type=\"text\" value=\"\" placeholder=\"Ditt fulle navn\" aria-required=\"true\" aria-invalid=\"false\" \/><label class=\"gfield_label gform-field-label\" for=\"input_1_10\">E-post*<\/label> <input id=\"input_1_10\" class=\"large\" tabindex=\"101\" name=\"input_10\" type=\"email\" value=\"\" placeholder=\"Din e-postadresse\" aria-required=\"true\" aria-invalid=\"false\" \/> <label class=\"gfield_label gform-field-label\" for=\"input_1_11\">Telefon*<\/label><input id=\"input_1_11\" class=\"large\" tabindex=\"102\" name=\"input_11\" type=\"tel\" value=\"\" placeholder=\"Ditt telefonnummer\" aria-required=\"true\" aria-invalid=\"false\" \/><label class=\"gfield_label gform-field-label\" for=\"input_1_5\">Din henvendelse*<\/label><textarea id=\"input_1_5\" class=\"textarea medium\" tabindex=\"103\" cols=\"50\" name=\"input_5\" rows=\"10\" placeholder=\"Gi oss en beskrivelse om hva henvendelsen gjelder ..\" aria-required=\"true\" aria-invalid=\"false\"><\/textarea><label class=\"gfield_label gform-field-label\" for=\"input_1_9\">CAPTCHA<\/label><label class=\"gfield_label gform-field-label\" for=\"input_1_12\">Comments<\/label><input id=\"input_1_12\" autocomplete=\"new-password\" name=\"input_12\" type=\"text\" value=\"\" \/>Dette feltet er for valideringsform\u00e5l og skal st\u00e5 uendret. <input id=\"gform_submit_button_1\" class=\"gform_button button\" tabindex=\"105\" type=\"submit\" value=\"Send melding\" data-submission-type=\"submit\" \/> <input name=\"gform_ajax\" type=\"hidden\" value=\"form_id=1&amp;title=&amp;description=&amp;tabindex=100&amp;theme=gravity-theme&amp;styles=[]&amp;hash=03bf48c7129e82bd772b9a8d8a73a93f\" \/> <input class=\"gform_hidden\" name=\"gform_submission_method\" type=\"hidden\" value=\"iframe\" data-js=\"gform_submission_method_1\" \/> <input id=\"gform_theme_1\" class=\"gform_hidden\" name=\"gform_theme\" type=\"hidden\" value=\"gravity-theme\" data-js=\"gform_theme_1\" \/> <input id=\"gform_style_settings_1\" class=\"gform_hidden\" name=\"gform_style_settings\" type=\"hidden\" value=\"[]\" data-js=\"gform_style_settings_1\" \/> <input class=\"gform_hidden\" name=\"is_submit_1\" type=\"hidden\" value=\"1\" \/> <input class=\"gform_hidden\" name=\"gform_submit\" type=\"hidden\" value=\"1\" \/> <input class=\"gform_hidden\" name=\"gform_unique_id\" type=\"hidden\" value=\"\" \/> <input class=\"gform_hidden\" name=\"state_1\" type=\"hidden\" value=\"WyJbXSIsIjRjNzc5OTY3OGY0NzgwN2JhODNjZDRjODk1M2Q1ODRjIl0=\" \/> <input id=\"gform_target_page_number_1\" class=\"gform_hidden\" autocomplete=\"off\" name=\"gform_target_page_number_1\" type=\"hidden\" value=\"0\" \/> <input id=\"gform_source_page_number_1\" class=\"gform_hidden\" autocomplete=\"off\" name=\"gform_source_page_number_1\" type=\"hidden\" value=\"1\" \/> <input name=\"gform_field_values\" type=\"hidden\" value=\"\" \/><\/form>\r\n<p><iframe id=\"gform_ajax_frame_1\" style=\"display: none; width: 0px; height: 0px;\" title=\"This iframe contains the logic required to handle Ajax powered Gravity Forms.\" src=\"about:blank\" name=\"gform_ajax_frame_1\"><\/iframe><\/p>\r\n","protected":false},"excerpt":{"rendered":"<p>Ta kontakt med oss Vi kan familieselskaper Vi gir dere verkt\u00f8y, kunnskap, r\u00e5d og st\u00f8tte for \u00e5 utvikle og bevare familieselskapet og de gode relasjonene &#8211; i dag og for&hellip;<\/p>\n","protected":false},"author":2,"featured_media":0,"parent":0,"menu_order":15,"comment_status":"closed","ping_status":"closed","template":"","meta":{"_acf_changed":false,"inline_featured_image":false,"_price":"","_stock":"","_tribe_ticket_header":"","_tribe_default_ticket_provider":"","_ticket_start_date":"","_ticket_end_date":"","_tribe_ticket_show_description":"","_tribe_ticket_show_not_going":false,"_tribe_ticket_use_global_stock":"","_tribe_ticket_global_stock_level":"","_global_stock_mode":"","_global_stock_cap":"","_tribe_rsvp_for_event":"","_tribe_ticket_going_count":"","_tribe_ticket_not_going_count":"","_tribe_tickets_list":"[]","_tribe_ticket_has_attendee_info_fields":false,"footnotes":"","_tec_slr_enabled":"","_tec_slr_layout":""},"class_list":["post-21064","page","type-page","status-publish","hentry"],"acf":[],"ticketed":false,"_links":{"self":[{"href":"https:\/\/nordicfamilyoffice.no\/en\/wp-json\/wp\/v2\/pages\/21064","targetHints":{"allow":["GET"]}}],"collection":[{"href":"https:\/\/nordicfamilyoffice.no\/en\/wp-json\/wp\/v2\/pages"}],"about":[{"href":"https:\/\/nordicfamilyoffice.no\/en\/wp-json\/wp\/v2\/types\/page"}],"author":[{"embeddable":true,"href":"https:\/\/nordicfamilyoffice.no\/en\/wp-json\/wp\/v2\/users\/2"}],"replies":[{"embeddable":true,"href":"https:\/\/nordicfamilyoffice.no\/en\/wp-json\/wp\/v2\/comments?post=21064"}],"version-history":[{"count":0,"href":"https:\/\/nordicfamilyoffice.no\/en\/wp-json\/wp\/v2\/pages\/21064\/revisions"}],"wp:attachment":[{"href":"https:\/\/nordicfamilyoffice.no\/en\/wp-json\/wp\/v2\/media?parent=21064"}],"curies":[{"name":"wp","href":"https:\/\/api.w.org\/{rel}","templated":true}]}}